{"id":467,"date":"2016-02-15T13:04:29","date_gmt":"2016-02-15T12:04:29","guid":{"rendered":"http:\/\/beta.mands.pl\/?page_id=467"},"modified":"2017-01-10T13:44:46","modified_gmt":"2017-01-10T12:44:46","slug":"kontroler-dystrybucji-materialow-reklamowych","status":"publish","type":"page","link":"https:\/\/mands.pl\/index.php\/kontroler-dystrybucji-materialow-reklamowych\/","title":{"rendered":"Kontroler dystrybucji materia\u0142\u00f3w reklamowych"},"content":{"rendered":"<p><strong>Opis stanowiska:<\/strong> Praca polega na przeprowadzaniu kr\u00f3tkich (2-3 minutowych) kontroli z respondentami. Kontrole realizowane s\u0105 wy\u0142\u0105cznie dwa dni w tygodniu.<\/p>\n<p><strong>Wymagania:<\/strong><br \/>\n&#8211; \u0141atwo\u015b\u0107 w nawi\u0105zywaniu kontakt\u00f3w z lud\u017ami<br \/>\n&#8211; Komunikatywno\u015b\u0107<br \/>\n&#8211; Obs\u0142uga komputera i podstawowa znajomo\u015b\u0107 programu Excel<br \/>\n&#8211; Dyspozycyjno\u015b\u0107<br \/>\n&#8211; Dobra organizacja pracy<br \/>\n&#8211; Mobilno\u015b\u0107 (w\u0142asny samoch\u00f3d lub mo\u017cliwo\u015b\u0107 sprawnego przemieszczania si\u0119 w terenie)<br \/>\n&#8211; Preferowane osoby &#8211; studenci do 26 roku \u017cycia oraz osoby zatrudnione lub prowadz\u0105ce w\u0142asn\u0105 dzia\u0142alno\u015b\u0107 gospodarcz\u0105<\/p>\n<p><strong>Zapewniamy:<\/strong><br \/>\n&#8211; Idealn\u0105 prac\u0119 dodatkow\u0105<br \/>\n&#8211; Umowa zlecenie<br \/>\n&#8211; Elastyczne godziny pracy<br \/>\n&#8211; Atrakcyjne wynagrodzenie<\/p>\n<p><strong>Zg\u0142oszenia:<\/strong><\/p>\n<p>Prosimy kierowa\u0107 na adres:\u00a0<a href=\"mailto:dc.rekrutacja@mands.pl\" target=\"_blank\">dc.rekrutacja@mands.pl<\/a><\/p>\n","protected":false},"excerpt":{"rendered":"<p>Opis stanowiska: Praca polega na przeprowadzaniu kr\u00f3tkich (2-3 minutowych) kontroli z respondentami. Kontrole realizowane s\u0105 wy\u0142\u0105cznie dwa dni w tygodniu. Wymagania: &#8211; \u0141atwo\u015b\u0107 w nawi\u0105zywaniu kontakt\u00f3w z lud\u017ami &#8211; Komunikatywno\u015b\u0107 &#8211; Obs\u0142uga komputera i podstawowa znajomo\u015b\u0107 programu Excel &#8211; Dyspozycyjno\u015b\u0107 &#8211; Dobra organizacja pracy &#8211; Mobilno\u015b\u0107 (w\u0142asny samoch\u00f3d lub mo\u017cliwo\u015b\u0107 sprawnego przemieszczania si\u0119 w terenie)<a href=\"https:\/\/mands.pl\/index.php\/kontroler-dystrybucji-materialow-reklamowych\/\">[&#8230;]<\/a><\/p>\n","protected":false},"author":5,"featured_media":0,"parent":0,"menu_order":0,"comment_status":"closed","ping_status":"closed","template":"","meta":{"_mi_skip_tracking":false},"_links":{"self":[{"href":"https:\/\/mands.pl\/index.php\/wp-json\/wp\/v2\/pages\/467"}],"collection":[{"href":"https:\/\/mands.pl\/index.php\/wp-json\/wp\/v2\/pages"}],"about":[{"href":"https:\/\/mands.pl\/index.php\/wp-json\/wp\/v2\/types\/page"}],"author":[{"embeddable":true,"href":"https:\/\/mands.pl\/index.php\/wp-json\/wp\/v2\/users\/5"}],"replies":[{"embeddable":true,"href":"https:\/\/mands.pl\/index.php\/wp-json\/wp\/v2\/comments?post=467"}],"version-history":[{"count":20,"href":"https:\/\/mands.pl\/index.php\/wp-json\/wp\/v2\/pages\/467\/revisions"}],"predecessor-version":[{"id":590,"href":"https:\/\/mands.pl\/index.php\/wp-json\/wp\/v2\/pages\/467\/revisions\/590"}],"wp:attachment":[{"href":"https:\/\/mands.pl\/index.php\/wp-json\/wp\/v2\/media?parent=467"}],"curies":[{"name":"wp","href":"https:\/\/api.w.org\/{rel}","templated":true}]}}