{"id":322,"date":"2016-02-10T10:40:19","date_gmt":"2016-02-10T09:40:19","guid":{"rendered":"http:\/\/beta.mands.pl\/?page_id=322"},"modified":"2016-02-16T08:56:47","modified_gmt":"2016-02-16T07:56:47","slug":"exit-store-bilans-lokalizacji","status":"publish","type":"page","link":"https:\/\/mands.pl\/index.php\/exit-store-bilans-lokalizacji\/","title":{"rendered":"Exit Store"},"content":{"rendered":"<p>Exit Store to badanie przeprowadzane na terenie sklepu, z jego klientami. Pozwala na analiz\u0119 obszar\u00f3w dystrybucji w danej lokalizacji ze wzgl\u0119du na warto\u015b\u0107 koszyka, cz\u0119stotliwo\u015b\u0107 zakup\u00f3w w tym sklepie oraz sklepach konkurencyjnych. Jego efektem jest powstanie tzw. heatmapy obszar\u00f3w atrakcyjnych pod wzgl\u0119dem finansowym (sk\u0105d przychodzi najwi\u0119cej klient\u00f3w), informacja o jako\u015bci dystrybucji na tych obszarach, ale tak\u017ce o dystrybucji innych, konkurencyjnych gazetek.<\/p>\n<p>\u00a0<\/p>\n<p>W celu uzyskania wi\u0119kszej liczby szczeg\u00f3\u0142\u00f3w prosimy o&nbsp;<a href=\"mailto:info@mands.pl\">kontakt<\/a>\u00a0<\/p>\n","protected":false},"excerpt":{"rendered":"<p>Exit Store to badanie przeprowadzane na terenie sklepu, z jego klientami. Pozwala na analiz\u0119 obszar\u00f3w dystrybucji w danej lokalizacji ze wzgl\u0119du na warto\u015b\u0107 koszyka, cz\u0119stotliwo\u015b\u0107 zakup\u00f3w w tym sklepie oraz sklepach konkurencyjnych. Jego efektem jest powstanie tzw. heatmapy obszar\u00f3w atrakcyjnych pod wzgl\u0119dem finansowym (sk\u0105d przychodzi najwi\u0119cej klient\u00f3w), informacja o jako\u015bci dystrybucji na tych obszarach, ale<a href=\"https:\/\/mands.pl\/index.php\/exit-store-bilans-lokalizacji\/\">[&#8230;]<\/a><\/p>\n","protected":false},"author":5,"featured_media":0,"parent":0,"menu_order":0,"comment_status":"closed","ping_status":"closed","template":"","meta":{"_mi_skip_tracking":false},"_links":{"self":[{"href":"https:\/\/mands.pl\/index.php\/wp-json\/wp\/v2\/pages\/322"}],"collection":[{"href":"https:\/\/mands.pl\/index.php\/wp-json\/wp\/v2\/pages"}],"about":[{"href":"https:\/\/mands.pl\/index.php\/wp-json\/wp\/v2\/types\/page"}],"author":[{"embeddable":true,"href":"https:\/\/mands.pl\/index.php\/wp-json\/wp\/v2\/users\/5"}],"replies":[{"embeddable":true,"href":"https:\/\/mands.pl\/index.php\/wp-json\/wp\/v2\/comments?post=322"}],"version-history":[{"count":7,"href":"https:\/\/mands.pl\/index.php\/wp-json\/wp\/v2\/pages\/322\/revisions"}],"predecessor-version":[{"id":565,"href":"https:\/\/mands.pl\/index.php\/wp-json\/wp\/v2\/pages\/322\/revisions\/565"}],"wp:attachment":[{"href":"https:\/\/mands.pl\/index.php\/wp-json\/wp\/v2\/media?parent=322"}],"curies":[{"name":"wp","href":"https:\/\/api.w.org\/{rel}","templated":true}]}}