{"id":285,"date":"2016-02-09T13:36:42","date_gmt":"2016-02-09T12:36:42","guid":{"rendered":"http:\/\/beta.mands.pl\/?page_id=285"},"modified":"2018-02-13T14:09:37","modified_gmt":"2018-02-13T13:09:37","slug":"oferty-pracy","status":"publish","type":"page","link":"https:\/\/mands.pl\/index.php\/oferty-pracy\/","title":{"rendered":"Oferty pracy"},"content":{"rendered":"<p>Aktualnie poszukujemy:<\/p>\n<p><strong><a href=\"https:\/\/mands.pl\/index.php\/teleankieter-studia-cati-wroclaw\/\">Teleankieter studia CATI Wroc\u0142aw<\/a><\/strong><br \/>\n<strong><a href=\"https:\/\/mands.pl\/index.php\/kontroler-dystrybucji-materialow-reklamowych\/\">Kontroler dystrybucji materia\u0142\u00f3w reklamowych<\/a><\/strong><\/p>\n","protected":false},"excerpt":{"rendered":"<p>Aktualnie poszukujemy: Teleankieter studia CATI Wroc\u0142aw Kontroler dystrybucji materia\u0142\u00f3w reklamowych<\/p>\n","protected":false},"author":5,"featured_media":0,"parent":0,"menu_order":0,"comment_status":"closed","ping_status":"closed","template":"","meta":{"_mi_skip_tracking":false},"_links":{"self":[{"href":"https:\/\/mands.pl\/index.php\/wp-json\/wp\/v2\/pages\/285"}],"collection":[{"href":"https:\/\/mands.pl\/index.php\/wp-json\/wp\/v2\/pages"}],"about":[{"href":"https:\/\/mands.pl\/index.php\/wp-json\/wp\/v2\/types\/page"}],"author":[{"embeddable":true,"href":"https:\/\/mands.pl\/index.php\/wp-json\/wp\/v2\/users\/5"}],"replies":[{"embeddable":true,"href":"https:\/\/mands.pl\/index.php\/wp-json\/wp\/v2\/comments?post=285"}],"version-history":[{"count":11,"href":"https:\/\/mands.pl\/index.php\/wp-json\/wp\/v2\/pages\/285\/revisions"}],"predecessor-version":[{"id":955,"href":"https:\/\/mands.pl\/index.php\/wp-json\/wp\/v2\/pages\/285\/revisions\/955"}],"wp:attachment":[{"href":"https:\/\/mands.pl\/index.php\/wp-json\/wp\/v2\/media?parent=285"}],"curies":[{"name":"wp","href":"https:\/\/api.w.org\/{rel}","templated":true}]}}