{"id":255,"date":"2016-02-08T15:27:40","date_gmt":"2016-02-08T14:27:40","guid":{"rendered":"http:\/\/beta.mands.pl\/?page_id=255"},"modified":"2020-04-23T17:37:31","modified_gmt":"2020-04-23T15:37:31","slug":"kariera","status":"publish","type":"page","link":"https:\/\/mands.pl\/index.php\/kariera\/","title":{"rendered":"Kariera"},"content":{"rendered":"<p>Dla MANDS pracuje obecnie ponad 20 pracownik\u00f3w merytorycznych oraz kilkuset ankieter\u00f3w i tajemniczych klient\u00f3w na terenie ca\u0142ego kraju. Mo\u017cesz do nas do\u0142\u0105czy\u0107 na kilka sposob\u00f3w:<\/p>\n<p>Je\u017celi chcesz do\u0142\u0105czy\u0107 do naszej siatki ankieterskiej wy\u015blij CV na <a href=\"mailto:rekrutacja@mands.pl\">rekrutacja@mands.pl<\/a> Informacje na temat aktualnych ofert pracy w MANDS znajdziesz w zak\u0142adce\u00a0<a href=\"https:\/\/mands.pl\/index.php\/kariera\/oferty-pracy\/\">\u201eOferty pracy\u201d<\/a>.<\/p>\n","protected":false},"excerpt":{"rendered":"<p>Dla MANDS pracuje obecnie ponad 20 pracownik\u00f3w merytorycznych oraz kilkuset ankieter\u00f3w i tajemniczych klient\u00f3w na terenie ca\u0142ego kraju. Mo\u017cesz do nas do\u0142\u0105czy\u0107 na kilka sposob\u00f3w: Je\u017celi chcesz do\u0142\u0105czy\u0107 do naszej siatki ankieterskiej wy\u015blij CV na rekrutacja@mands.pl Informacje na temat aktualnych ofert pracy w MANDS znajdziesz w zak\u0142adce\u00a0\u201eOferty pracy\u201d.<\/p>\n","protected":false},"author":5,"featured_media":0,"parent":0,"menu_order":0,"comment_status":"closed","ping_status":"closed","template":"","meta":{"_mi_skip_tracking":false},"_links":{"self":[{"href":"https:\/\/mands.pl\/index.php\/wp-json\/wp\/v2\/pages\/255"}],"collection":[{"href":"https:\/\/mands.pl\/index.php\/wp-json\/wp\/v2\/pages"}],"about":[{"href":"https:\/\/mands.pl\/index.php\/wp-json\/wp\/v2\/types\/page"}],"author":[{"embeddable":true,"href":"https:\/\/mands.pl\/index.php\/wp-json\/wp\/v2\/users\/5"}],"replies":[{"embeddable":true,"href":"https:\/\/mands.pl\/index.php\/wp-json\/wp\/v2\/comments?post=255"}],"version-history":[{"count":23,"href":"https:\/\/mands.pl\/index.php\/wp-json\/wp\/v2\/pages\/255\/revisions"}],"predecessor-version":[{"id":1323,"href":"https:\/\/mands.pl\/index.php\/wp-json\/wp\/v2\/pages\/255\/revisions\/1323"}],"wp:attachment":[{"href":"https:\/\/mands.pl\/index.php\/wp-json\/wp\/v2\/media?parent=255"}],"curies":[{"name":"wp","href":"https:\/\/api.w.org\/{rel}","templated":true}]}}