{"id":1316,"date":"2020-04-23T17:31:40","date_gmt":"2020-04-23T15:31:40","guid":{"rendered":"https:\/\/mands.pl\/?page_id=1316"},"modified":"2020-04-23T17:31:40","modified_gmt":"2020-04-23T15:31:40","slug":"badania-jakosciowe-online","status":"publish","type":"page","link":"https:\/\/mands.pl\/index.php\/badania-jakosciowe-online\/","title":{"rendered":"Badania jako\u015bciowe online"},"content":{"rendered":"\n<p>Alternatyw\u0105 dla metod jako\u015bciowych realizowanych w tradycyjnej formie s\u0105 wywiady (zar\u00f3wno indywidualne, jak i grupowe), prowadzone przez Internet. W przypadku wi\u0119kszo\u015bci projekt\u00f3w jeste\u015bmy w stanie zaplanowa\u0107 realizacj\u0119 wywiad\u00f3w pog\u0142\u0119bionych w bezkontaktowej formie.<\/p>\n\n\n\n<p>Krok po kroku: jak to wygl\u0105da?<\/p>\n\n\n\n<ol type=\"1\"><li>Rekrutacja, zgodnie ze screenerem, prowadzona jest telefonicznie.<\/li><li>Pozyskujemy potrzebne zgody respondent\u00f3w, pobieramy dane kontaktowe.<\/li><li>Korzystamy z platformy zoom.us: za jej pomoc\u0105 \u0142\u0105czymy moderatora z respondentem, a tak\u017ce \u2013 je\u015bli to potrzebne \u2013 z t\u0142umaczem symultanicznym. Platforma daje mo\u017cliwo\u015b\u0107 pokazywania respondentom r\u00f3\u017cnego rodzaju materia\u0142\u00f3w \u2013 koncept\u00f3w w formie grafiki, video, udost\u0119pniania pulpitu moderatora. Dzi\u0119ki takiej formie spotkania, w jednym spotkaniu mog\u0105 uczestniczy\u0107 respondenci mieszkaj\u0105cy w r\u00f3\u017cnych miastach.<\/li><li>Transmisja w czasie rzeczywistym, za pomoc\u0105 youtube (lub innego programu, je\u017celi np. transmisja kierowana jest do Chin) trafia do dowolnego odbiorcy wskazanego przez Zamawiaj\u0105cego.<\/li><li>Nad przebiegiem transmisji czuwa technik, kt\u00f3ry na bie\u017c\u0105co reaguje w razie wyst\u0105pienia problem\u00f3w.<\/li><li>Udost\u0119pniamy nagranie audio-video, lub samo audio, przygotowujemy tak\u017ce transkrypcje.<\/li><li>Zakres wsp\u00f3\u0142pracy, jaki oferujemy dostosowujemy do Pa\u0144stwa potrzeb \u2013 od nadzoru technicznego po pe\u0142ny projekt, wraz z rekrutacj\u0105, moderacj\u0105 i przygotowaniem raportu.<\/li><\/ol>\n","protected":false},"excerpt":{"rendered":"<p>Alternatyw\u0105 dla metod jako\u015bciowych realizowanych w tradycyjnej formie s\u0105 wywiady (zar\u00f3wno indywidualne, jak i grupowe), prowadzone przez Internet. W przypadku wi\u0119kszo\u015bci projekt\u00f3w jeste\u015bmy w stanie zaplanowa\u0107 realizacj\u0119 wywiad\u00f3w pog\u0142\u0119bionych w bezkontaktowej formie. Krok po kroku: jak to wygl\u0105da? Rekrutacja, zgodnie ze screenerem, prowadzona jest telefonicznie. Pozyskujemy potrzebne zgody respondent\u00f3w, pobieramy dane kontaktowe. Korzystamy z platformy<a href=\"https:\/\/mands.pl\/index.php\/badania-jakosciowe-online\/\">[&#8230;]<\/a><\/p>\n","protected":false},"author":5,"featured_media":0,"parent":0,"menu_order":0,"comment_status":"closed","ping_status":"closed","template":"","meta":{"_mi_skip_tracking":false},"_links":{"self":[{"href":"https:\/\/mands.pl\/index.php\/wp-json\/wp\/v2\/pages\/1316"}],"collection":[{"href":"https:\/\/mands.pl\/index.php\/wp-json\/wp\/v2\/pages"}],"about":[{"href":"https:\/\/mands.pl\/index.php\/wp-json\/wp\/v2\/types\/page"}],"author":[{"embeddable":true,"href":"https:\/\/mands.pl\/index.php\/wp-json\/wp\/v2\/users\/5"}],"replies":[{"embeddable":true,"href":"https:\/\/mands.pl\/index.php\/wp-json\/wp\/v2\/comments?post=1316"}],"version-history":[{"count":1,"href":"https:\/\/mands.pl\/index.php\/wp-json\/wp\/v2\/pages\/1316\/revisions"}],"predecessor-version":[{"id":1318,"href":"https:\/\/mands.pl\/index.php\/wp-json\/wp\/v2\/pages\/1316\/revisions\/1318"}],"wp:attachment":[{"href":"https:\/\/mands.pl\/index.php\/wp-json\/wp\/v2\/media?parent=1316"}],"curies":[{"name":"wp","href":"https:\/\/api.w.org\/{rel}","templated":true}]}}